{"id":3547,"date":"2025-07-01T19:12:48","date_gmt":"2025-07-01T19:12:48","guid":{"rendered":"https:\/\/baytalnisa.fr\/?page_id=3547"},"modified":"2025-07-01T19:46:12","modified_gmt":"2025-07-01T19:46:12","slug":"lame-de-la-marque","status":"publish","type":"page","link":"https:\/\/baytalnisa.fr\/?page_id=3547","title":{"rendered":"L&rsquo;\u00e2me de la marque"},"content":{"rendered":"\t\t<div data-elementor-type=\"wp-page\" data-elementor-id=\"3547\" class=\"elementor elementor-3547\">\n\t\t\t\t\t\t<section class=\"elementor-section elementor-top-section elementor-element elementor-element-8586dbd elementor-section-boxed elementor-section-height-default elementor-section-height-default\" data-id=\"8586dbd\" data-element_type=\"section\" data-e-type=\"section\">\n\t\t\t\t\t\t<div class=\"elementor-container elementor-column-gap-default\">\n\t\t\t\t\t<div class=\"elementor-column elementor-col-100 elementor-top-column elementor-element elementor-element-befe87c\" data-id=\"befe87c\" data-element_type=\"column\" data-e-type=\"column\">\n\t\t\t<div class=\"elementor-widget-wrap elementor-element-populated\">\n\t\t\t\t\t\t<div class=\"elementor-element elementor-element-ee25857 elementor-widget elementor-widget-heading\" data-id=\"ee25857\" data-element_type=\"widget\" data-e-type=\"widget\" data-widget_type=\"heading.default\">\n\t\t\t\t<div class=\"elementor-widget-container\">\n\t\t\t\t\t<h2 class=\"elementor-heading-title elementor-size-default\">Pourquoi bayt al nisa existe <\/h2>\t\t\t\t<\/div>\n\t\t\t\t<\/div>\n\t\t\t\t<div class=\"elementor-element elementor-element-1f45bae elementor-widget elementor-widget-spacer\" data-id=\"1f45bae\" data-element_type=\"widget\" data-e-type=\"widget\" data-widget_type=\"spacer.default\">\n\t\t\t\t<div class=\"elementor-widget-container\">\n\t\t\t\t\t\t\t<div class=\"elementor-spacer\">\n\t\t\t<div class=\"elementor-spacer-inner\"><\/div>\n\t\t<\/div>\n\t\t\t\t\t\t<\/div>\n\t\t\t\t<\/div>\n\t\t\t\t\t<\/div>\n\t\t<\/div>\n\t\t\t\t\t<\/div>\n\t\t<\/section>\n\t\t\t\t<section class=\"elementor-section elementor-top-section elementor-element elementor-element-d7c1b05 elementor-section-boxed elementor-section-height-default elementor-section-height-default\" data-id=\"d7c1b05\" data-element_type=\"section\" data-e-type=\"section\">\n\t\t\t\t\t\t<div class=\"elementor-container elementor-column-gap-default\">\n\t\t\t\t\t<div class=\"elementor-column elementor-col-33 elementor-top-column elementor-element elementor-element-2a31e14\" data-id=\"2a31e14\" data-element_type=\"column\" data-e-type=\"column\">\n\t\t\t<div class=\"elementor-widget-wrap elementor-element-populated\">\n\t\t\t\t\t\t<div class=\"elementor-element elementor-element-1f3e7d0 elementor-widget elementor-widget-image\" data-id=\"1f3e7d0\" data-element_type=\"widget\" data-e-type=\"widget\" data-widget_type=\"image.default\">\n\t\t\t\t<div class=\"elementor-widget-container\">\n\t\t\t\t\t\t\t\t\t\t\t\t\t\t\t<img fetchpriority=\"high\" decoding=\"async\" width=\"482\" height=\"858\" src=\"https:\/\/baytalnisa.fr\/wp-content\/uploads\/2025\/05\/586890187db6db183f9bb19e087cebb0.jpg\" class=\"attachment-large size-large wp-image-3362\" alt=\"\" srcset=\"https:\/\/baytalnisa.fr\/wp-content\/uploads\/2025\/05\/586890187db6db183f9bb19e087cebb0.jpg 482w, https:\/\/baytalnisa.fr\/wp-content\/uploads\/2025\/05\/586890187db6db183f9bb19e087cebb0-169x300.jpg 169w, https:\/\/baytalnisa.fr\/wp-content\/uploads\/2025\/05\/586890187db6db183f9bb19e087cebb0-380x676.jpg 380w\" sizes=\"(max-width: 482px) 100vw, 482px\" \/>\t\t\t\t\t\t\t\t\t\t\t\t\t\t\t<\/div>\n\t\t\t\t<\/div>\n\t\t\t\t\t<\/div>\n\t\t<\/div>\n\t\t\t\t<div class=\"elementor-column elementor-col-66 elementor-top-column elementor-element elementor-element-53b9e43\" data-id=\"53b9e43\" data-element_type=\"column\" data-e-type=\"column\">\n\t\t\t<div class=\"elementor-widget-wrap elementor-element-populated\">\n\t\t\t\t\t\t<div class=\"elementor-element elementor-element-612ce4d elementor-widget elementor-widget-text-editor\" data-id=\"612ce4d\" data-element_type=\"widget\" data-e-type=\"widget\" data-widget_type=\"text-editor.default\">\n\t\t\t\t<div class=\"elementor-widget-container\">\n\t\t\t\t\t\t\t\t\t<p><strong>J&rsquo;ai d\u00e9cid\u00e9 de cr\u00e9\u00e9r ma propre marque, Bayt al Nisa car je ne trouvais rien qui corresponde vraiment \u00e0 mes attentes.<\/strong><\/p>\t\t\t\t\t\t\t\t<\/div>\n\t\t\t\t<\/div>\n\t\t\t\t<div class=\"elementor-element elementor-element-18bf12e elementor-widget elementor-widget-text-editor\" data-id=\"18bf12e\" data-element_type=\"widget\" data-e-type=\"widget\" data-widget_type=\"text-editor.default\">\n\t\t\t\t<div class=\"elementor-widget-container\">\n\t\t\t\t\t\t\t\t\t<p>Quand je me suis voil\u00e9e, j&rsquo;ai cherch\u00e9 les meilleurs tissus pour pr\u00e9server ma beaut\u00e9 et ma pudeur. Des bonnets en satin il y en avait &#8230; mais jamais \u00e0 la fois <strong>beaux<\/strong>, <strong>de qualit\u00e9<\/strong> et <strong>accesibles.\u00a0<\/strong>Alors j&rsquo;ai d\u00e9cid\u00e9 de les cr\u00e9er moi-m\u00eame : des pi\u00e8ces pens\u00e9es pour accompagner les femmes en douceur dans leur cheminement vers le <strong>bien \u00eatre physique<\/strong> et <strong>spirituel.<\/strong><\/p>\t\t\t\t\t\t\t\t<\/div>\n\t\t\t\t<\/div>\n\t\t\t\t<div class=\"elementor-element elementor-element-4363f31 elementor-widget elementor-widget-text-editor\" data-id=\"4363f31\" data-element_type=\"widget\" data-e-type=\"widget\" data-widget_type=\"text-editor.default\">\n\t\t\t\t<div class=\"elementor-widget-container\">\n\t\t\t\t\t\t\t\t\t<p>De cette m\u00eame envie est n\u00e9e l&rsquo;id\u00e9e d&rsquo;une <strong>collection de bijoux<\/strong>. Je voyais toujours les m\u00eames mod\u00e8les et les m\u00eames mati\u00e8res. J&rsquo;ai voulu proposer autre chose : des cr\u00e9ations qui ne ressemblent pas \u00e0 ce qu&rsquo;on voit partout, <strong>inspir\u00e9es de l&rsquo;univers oriental<\/strong>, travaill\u00e9es avec des\u00a0<strong>mat\u00e9riaux nobles<\/strong>, tout en restant accessibles.<\/p>\t\t\t\t\t\t\t\t<\/div>\n\t\t\t\t<\/div>\n\t\t\t\t<div class=\"elementor-element elementor-element-8e15b08 elementor-widget elementor-widget-text-editor\" data-id=\"8e15b08\" data-element_type=\"widget\" data-e-type=\"widget\" data-widget_type=\"text-editor.default\">\n\t\t\t\t<div class=\"elementor-widget-container\">\n\t\t\t\t\t\t\t\t\t<p>Deux univers, une m\u00eame promesse :\u00a0<strong>offrir des pi\u00e8ces uniques, que l&rsquo;on ne croise pas partout.<\/strong> Pens\u00e9es pour celles qui cherche\u00a0<strong>ce petit plus qui change tout<\/strong>.<\/p>\t\t\t\t\t\t\t\t<\/div>\n\t\t\t\t<\/div>\n\t\t\t\t\t<\/div>\n\t\t<\/div>\n\t\t\t\t\t<\/div>\n\t\t<\/section>\n\t\t\t\t<section class=\"elementor-section elementor-top-section elementor-element elementor-element-1279841 elementor-section-boxed elementor-section-height-default elementor-section-height-default\" data-id=\"1279841\" data-element_type=\"section\" data-e-type=\"section\">\n\t\t\t\t\t\t<div class=\"elementor-container elementor-column-gap-default\">\n\t\t\t\t\t<div class=\"elementor-column elementor-col-100 elementor-top-column elementor-element elementor-element-99fa1a0\" data-id=\"99fa1a0\" data-element_type=\"column\" data-e-type=\"column\">\n\t\t\t<div class=\"elementor-widget-wrap\">\n\t\t\t\t\t\t\t<\/div>\n\t\t<\/div>\n\t\t\t\t\t<\/div>\n\t\t<\/section>\n\t\t\t\t<section class=\"elementor-section elementor-top-section elementor-element elementor-element-58f9c58 elementor-section-boxed elementor-section-height-default elementor-section-height-default\" data-id=\"58f9c58\" data-element_type=\"section\" data-e-type=\"section\">\n\t\t\t\t\t\t<div class=\"elementor-container elementor-column-gap-default\">\n\t\t\t\t\t<div class=\"elementor-column elementor-col-100 elementor-top-column elementor-element elementor-element-9a71eed\" data-id=\"9a71eed\" data-element_type=\"column\" data-e-type=\"column\">\n\t\t\t<div class=\"elementor-widget-wrap\">\n\t\t\t\t\t\t\t<\/div>\n\t\t<\/div>\n\t\t\t\t\t<\/div>\n\t\t<\/section>\n\t\t\t\t<\/div>\n\t\t","protected":false},"excerpt":{"rendered":"<p>Pourquoi bayt al nisa existe J&rsquo;ai d\u00e9cid\u00e9 de cr\u00e9\u00e9r ma propre marque, Bayt al Nisa car je ne trouvais rien qui corresponde vraiment \u00e0 mes attentes. Quand je me suis [&hellip;]<\/p>\n","protected":false},"author":1,"featured_media":0,"parent":0,"menu_order":0,"comment_status":"closed","ping_status":"closed","template":"","meta":{"om_disable_all_campaigns":false,"_monsterinsights_skip_tracking":false,"_monsterinsights_sitenote_active":false,"_monsterinsights_sitenote_note":"","_monsterinsights_sitenote_category":0,"_glsr_average":0,"_glsr_ranking":0,"_glsr_reviews":0,"footnotes":""},"class_list":["post-3547","page","type-page","status-publish","hentry"],"aioseo_notices":[],"jetpack_sharing_enabled":true,"_links":{"self":[{"href":"https:\/\/baytalnisa.fr\/index.php?rest_route=\/wp\/v2\/pages\/3547","targetHints":{"allow":["GET"]}}],"collection":[{"href":"https:\/\/baytalnisa.fr\/index.php?rest_route=\/wp\/v2\/pages"}],"about":[{"href":"https:\/\/baytalnisa.fr\/index.php?rest_route=\/wp\/v2\/types\/page"}],"author":[{"embeddable":true,"href":"https:\/\/baytalnisa.fr\/index.php?rest_route=\/wp\/v2\/users\/1"}],"replies":[{"embeddable":true,"href":"https:\/\/baytalnisa.fr\/index.php?rest_route=%2Fwp%2Fv2%2Fcomments&post=3547"}],"version-history":[{"count":7,"href":"https:\/\/baytalnisa.fr\/index.php?rest_route=\/wp\/v2\/pages\/3547\/revisions"}],"predecessor-version":[{"id":3563,"href":"https:\/\/baytalnisa.fr\/index.php?rest_route=\/wp\/v2\/pages\/3547\/revisions\/3563"}],"wp:attachment":[{"href":"https:\/\/baytalnisa.fr\/index.php?rest_route=%2Fwp%2Fv2%2Fmedia&parent=3547"}],"curies":[{"name":"wp","href":"https:\/\/api.w.org\/{rel}","templated":true}]}}