{"id":297,"date":"2023-03-12T20:47:47","date_gmt":"2023-03-12T20:47:47","guid":{"rendered":"https:\/\/baytalnisa.fr\/?post_type=product&#038;p=297"},"modified":"2026-04-04T14:39:36","modified_gmt":"2026-04-04T13:39:36","slug":"bonnet-en-soie-a-nouer","status":"publish","type":"product","link":"https:\/\/baytalnisa.fr\/?product=bonnet-en-soie-a-nouer","title":{"rendered":"| Bonnet Satin | \u0646\u064a\u0646\u0627 Nina"},"content":{"rendered":"","protected":false},"excerpt":{"rendered":"<p>\u2728 D\u00e9couvrez l\u2019excellence du bonnet doubl\u00e9 en SATIN DE BAMBOU, alli\u00e9 incontournable pour la sant\u00e9 de vos cheveux<\/p>\n<p>&nbsp;<\/p>\n<p><strong>Mod\u00e8le Nina &#8211; <span style=\"color: #000000;\">\u0646\u064a\u0646\u0627<\/span><\/strong>\u00a0\u2014 Nouage ajustable pour un maintien sur-mesure :<\/p>\n<p><strong>Bayt al Nisa a cr\u00e9\u00e9 en exclusivit\u00e9 le premier bonnet pens\u00e9 sp\u00e9cialement pour les femmes voil\u00e9es, en satin de bambou 100 % naturel.<\/strong><\/p>\n<p>Id\u00e9al pour les cheveux volumineux, boucl\u00e9s ou cr\u00e9pus, ce bonnet \u00e0 nouer offre un ajustement personnalis\u00e9 et un style \u00e9l\u00e9gant tout en prot\u00e9geant efficacement vos cheveux.<\/p>\n<p>&nbsp;<\/p>\n<p>Une doublure int\u00e9rieure<strong> en satin mat de bambou<\/strong> qui pr\u00e9serve l\u2019hydratation naturelle de vos cheveux, r\u00e9duisant ainsi la casse et les frisottis.<\/p>\n<p>&nbsp;<\/p>\n<p>Un ext\u00e9rieur en <strong>jersey de bambou<\/strong>, con\u00e7u pour assurer un maintien optimal de votre voile, sans glissement ni inconfort.<\/p>\n<p>&nbsp;<\/p>\n<p><strong>Pourquoi choisir notre bonnet plut\u00f4t qu\u2019un mod\u00e8le classique ?<\/strong><br \/>\nContrairement aux bonnets en mati\u00e8re synth\u00e9tique, notre bonnet est 100 %naturel. Il prot\u00e8ge votre cuir chevelu et vos cheveux des agressions quotidiennes, en \u00e9vitant les tiraillements et la casse tout en laissant votre cuir chevelu respirer.<\/p>\n<p>&nbsp;<\/p>\n<p><strong>\u00a0Un v\u00e9ritable bouclier protecteur contre :<\/strong><br \/>\n\u25ab\ufe0f Pellicules et irritations du cuir chevelu<br \/>\n\u25ab\ufe0f Chute et cassure des cheveux<br \/>\n\u25ab\ufe0f Alop\u00e9cie li\u00e9e aux frottements<br \/>\n\u25ab\ufe0f Frisottis et emm\u00ealements ind\u00e9sirables<\/p>\n<p>&nbsp;<\/p>\n<p><strong>Adapt\u00e9 \u00e0 tous les types de cheveux :<\/strong><\/p>\n<p>Qu\u2019ils soient volumineux, fins ou glissants, nos bonnets garantissent un maintien parfait sans compromettre le confort.<\/p>\n<p>&nbsp;<\/p>\n<p><em>Tu ne sais pas quel model choisir<\/em> <em>?<\/em> <strong>Notre diagnostique en 2 minutes est l\u00e0 pour t&rsquo;aider<\/strong> \ud83d\udc49\u00a0<a href=\"https:\/\/baytalnisa.fr\/?qsm_quiz=quel-sous-hijab-est-fait-pour-toi\">Diagnostique en 2 minutes<\/a><\/p>\n","protected":false},"featured_media":3983,"comment_status":"open","ping_status":"closed","template":"","meta":{"om_disable_all_campaigns":false,"_monsterinsights_skip_tracking":false,"_monsterinsights_sitenote_active":false,"_monsterinsights_sitenote_note":"","_monsterinsights_sitenote_category":0,"_glsr_average":0,"_glsr_ranking":0,"_glsr_reviews":0},"product_brand":[],"product_cat":[29,32],"product_tag":[37,90,125,44,49,48,91,41,56,43,47,124,62],"class_list":{"0":"post-297","1":"product","2":"type-product","3":"status-publish","4":"has-post-thumbnail","6":"product_cat-bonnet","7":"product_cat-bonnet-a-nouer","8":"product_tag-beige","9":"product_tag-blanc","10":"product_tag-blanc-casse","11":"product_tag-bonnet","12":"product_tag-bonnet-a-nouer","13":"product_tag-jersey","14":"product_tag-marron","15":"product_tag-noir","16":"product_tag-nude","17":"product_tag-rose","18":"product_tag-satin","19":"product_tag-soie","20":"product_tag-taupe","22":"first","23":"instock","24":"shipping-taxable","25":"purchasable","26":"product-type-variable"},"aioseo_notices":[],"jetpack_sharing_enabled":true,"_links":{"self":[{"href":"https:\/\/baytalnisa.fr\/index.php?rest_route=\/wp\/v2\/product\/297","targetHints":{"allow":["GET"]}}],"collection":[{"href":"https:\/\/baytalnisa.fr\/index.php?rest_route=\/wp\/v2\/product"}],"about":[{"href":"https:\/\/baytalnisa.fr\/index.php?rest_route=\/wp\/v2\/types\/product"}],"replies":[{"embeddable":true,"href":"https:\/\/baytalnisa.fr\/index.php?rest_route=%2Fwp%2Fv2%2Fcomments&post=297"}],"version-history":[{"count":40,"href":"https:\/\/baytalnisa.fr\/index.php?rest_route=\/wp\/v2\/product\/297\/revisions"}],"predecessor-version":[{"id":580,"href":"https:\/\/baytalnisa.fr\/index.php?rest_route=\/wp\/v2\/product\/297\/revisions\/580"}],"wp:featuredmedia":[{"embeddable":true,"href":"https:\/\/baytalnisa.fr\/index.php?rest_route=\/wp\/v2\/media\/3983"}],"wp:attachment":[{"href":"https:\/\/baytalnisa.fr\/index.php?rest_route=%2Fwp%2Fv2%2Fmedia&parent=297"}],"wp:term":[{"taxonomy":"product_brand","embeddable":true,"href":"https:\/\/baytalnisa.fr\/index.php?rest_route=%2Fwp%2Fv2%2Fproduct_brand&post=297"},{"taxonomy":"product_cat","embeddable":true,"href":"https:\/\/baytalnisa.fr\/index.php?rest_route=%2Fwp%2Fv2%2Fproduct_cat&post=297"},{"taxonomy":"product_tag","embeddable":true,"href":"https:\/\/baytalnisa.fr\/index.php?rest_route=%2Fwp%2Fv2%2Fproduct_tag&post=297"}],"curies":[{"name":"wp","href":"https:\/\/api.w.org\/{rel}","templated":true}]}}