{"id":3351,"date":"2025-05-12T20:19:25","date_gmt":"2025-05-12T20:19:25","guid":{"rendered":"https:\/\/baytalnisa.fr\/?post_type=product&#038;p=3351"},"modified":"2025-11-30T20:58:24","modified_gmt":"2025-11-30T19:58:24","slug":"saba-princesse","status":"publish","type":"product","link":"https:\/\/baytalnisa.fr\/?product=saba-princesse","title":{"rendered":"Saba &#8211; Princesse"},"content":{"rendered":"","protected":false},"excerpt":{"rendered":"<p>Le bracelet Saba &#8211; Princesse d\u00e9voile une \u00e9l\u00e9gance douce et lumineuse.<\/p>\n<p>Avec ses motifs d\u00e9licats et sa finition dor\u00e9e \u00e9clatante, il \u00e9voque la gr\u00e2ce des jeunes princesses orientales.<\/p>\n<p>Dot\u00e9 d&rsquo;une ouverture lat\u00e9rale pour un port confortable, ce bijou allie charme traditionnel et f\u00e9minit\u00e9 moderne.<\/p>\n<p>Plaquage en or 40%.<\/p>\n<p>58 mm de diam\u00e8tre.<\/p>\n<p>&nbsp;<\/p>\n","protected":false},"featured_media":3416,"comment_status":"open","ping_status":"closed","template":"","meta":{"om_disable_all_campaigns":false,"_monsterinsights_skip_tracking":false,"_monsterinsights_sitenote_active":false,"_monsterinsights_sitenote_note":"","_monsterinsights_sitenote_category":0,"_glsr_average":0,"_glsr_ranking":0,"_glsr_reviews":0},"product_brand":[],"product_cat":[156,160,162],"product_tag":[158,157,159],"class_list":{"0":"post-3351","1":"product","2":"type-product","3":"status-publish","4":"has-post-thumbnail","6":"product_cat-bijoux","7":"product_cat-plaque-or","8":"product_cat-tous-les-bijoux","9":"product_tag-acier-inoxydable","10":"product_tag-bijoux","11":"product_tag-or","13":"first","14":"outofstock","15":"shipping-taxable","16":"purchasable","17":"product-type-simple"},"aioseo_notices":[],"jetpack_sharing_enabled":true,"_links":{"self":[{"href":"https:\/\/baytalnisa.fr\/index.php?rest_route=\/wp\/v2\/product\/3351","targetHints":{"allow":["GET"]}}],"collection":[{"href":"https:\/\/baytalnisa.fr\/index.php?rest_route=\/wp\/v2\/product"}],"about":[{"href":"https:\/\/baytalnisa.fr\/index.php?rest_route=\/wp\/v2\/types\/product"}],"replies":[{"embeddable":true,"href":"https:\/\/baytalnisa.fr\/index.php?rest_route=%2Fwp%2Fv2%2Fcomments&post=3351"}],"version-history":[{"count":1,"href":"https:\/\/baytalnisa.fr\/index.php?rest_route=\/wp\/v2\/product\/3351\/revisions"}],"predecessor-version":[{"id":3352,"href":"https:\/\/baytalnisa.fr\/index.php?rest_route=\/wp\/v2\/product\/3351\/revisions\/3352"}],"wp:featuredmedia":[{"embeddable":true,"href":"https:\/\/baytalnisa.fr\/index.php?rest_route=\/wp\/v2\/media\/3416"}],"wp:attachment":[{"href":"https:\/\/baytalnisa.fr\/index.php?rest_route=%2Fwp%2Fv2%2Fmedia&parent=3351"}],"wp:term":[{"taxonomy":"product_brand","embeddable":true,"href":"https:\/\/baytalnisa.fr\/index.php?rest_route=%2Fwp%2Fv2%2Fproduct_brand&post=3351"},{"taxonomy":"product_cat","embeddable":true,"href":"https:\/\/baytalnisa.fr\/index.php?rest_route=%2Fwp%2Fv2%2Fproduct_cat&post=3351"},{"taxonomy":"product_tag","embeddable":true,"href":"https:\/\/baytalnisa.fr\/index.php?rest_route=%2Fwp%2Fv2%2Fproduct_tag&post=3351"}],"curies":[{"name":"wp","href":"https:\/\/api.w.org\/{rel}","templated":true}]}}