{"id":3440,"date":"2025-05-18T18:59:34","date_gmt":"2025-05-18T18:59:34","guid":{"rendered":"https:\/\/baytalnisa.fr\/?post_type=product&#038;p=3440"},"modified":"2025-06-22T16:20:53","modified_gmt":"2025-06-22T16:20:53","slug":"elina-goutte-de-lumiere","status":"publish","type":"product","link":"https:\/\/baytalnisa.fr\/?product=elina-goutte-de-lumiere","title":{"rendered":"Elina &#8211; Goutte de lumi\u00e8re"},"content":{"rendered":"","protected":false},"excerpt":{"rendered":"<p>D\u00e9licates et envo\u00fbtantes, les boucles d&rsquo;oreilles\u00a0<em>Elina\u00a0<\/em>capturent la lumi\u00e8re comme un \u00e9clat d&rsquo;aurore.<\/p>\n<p>Leur silhouette en goutte, plaqu\u00e9e or, est sertie de strass scintillants qui dansent au moindre mouvement.<\/p>\n<p>F\u00e9minines et lumineuses, elles incarnent la douceur d&rsquo;une princesse moderne, r\u00eaveuse et raffin\u00e9e.<\/p>\n<p><em>Portez\u00a0Elina comme un secret pr\u00e9cieux qui illumine vos mouvements.<\/em><\/p>\n<p>Plaquage 30% or.<\/p>\n","protected":false},"featured_media":3415,"comment_status":"open","ping_status":"closed","template":"","meta":{"om_disable_all_campaigns":false,"_monsterinsights_skip_tracking":false,"_monsterinsights_sitenote_active":false,"_monsterinsights_sitenote_note":"","_monsterinsights_sitenote_category":0,"_glsr_average":0,"_glsr_ranking":0,"_glsr_reviews":0},"product_brand":[],"product_cat":[156,160,162],"product_tag":[165,159,166],"class_list":{"0":"post-3440","1":"product","2":"type-product","3":"status-publish","4":"has-post-thumbnail","6":"product_cat-bijoux","7":"product_cat-plaque-or","8":"product_cat-tous-les-bijoux","9":"product_tag-diamants","10":"product_tag-or","11":"product_tag-perle","13":"first","14":"outofstock","15":"shipping-taxable","16":"purchasable","17":"product-type-simple"},"aioseo_notices":[],"jetpack_sharing_enabled":true,"_links":{"self":[{"href":"https:\/\/baytalnisa.fr\/index.php?rest_route=\/wp\/v2\/product\/3440","targetHints":{"allow":["GET"]}}],"collection":[{"href":"https:\/\/baytalnisa.fr\/index.php?rest_route=\/wp\/v2\/product"}],"about":[{"href":"https:\/\/baytalnisa.fr\/index.php?rest_route=\/wp\/v2\/types\/product"}],"replies":[{"embeddable":true,"href":"https:\/\/baytalnisa.fr\/index.php?rest_route=%2Fwp%2Fv2%2Fcomments&post=3440"}],"version-history":[{"count":2,"href":"https:\/\/baytalnisa.fr\/index.php?rest_route=\/wp\/v2\/product\/3440\/revisions"}],"predecessor-version":[{"id":3457,"href":"https:\/\/baytalnisa.fr\/index.php?rest_route=\/wp\/v2\/product\/3440\/revisions\/3457"}],"wp:featuredmedia":[{"embeddable":true,"href":"https:\/\/baytalnisa.fr\/index.php?rest_route=\/wp\/v2\/media\/3415"}],"wp:attachment":[{"href":"https:\/\/baytalnisa.fr\/index.php?rest_route=%2Fwp%2Fv2%2Fmedia&parent=3440"}],"wp:term":[{"taxonomy":"product_brand","embeddable":true,"href":"https:\/\/baytalnisa.fr\/index.php?rest_route=%2Fwp%2Fv2%2Fproduct_brand&post=3440"},{"taxonomy":"product_cat","embeddable":true,"href":"https:\/\/baytalnisa.fr\/index.php?rest_route=%2Fwp%2Fv2%2Fproduct_cat&post=3440"},{"taxonomy":"product_tag","embeddable":true,"href":"https:\/\/baytalnisa.fr\/index.php?rest_route=%2Fwp%2Fv2%2Fproduct_tag&post=3440"}],"curies":[{"name":"wp","href":"https:\/\/api.w.org\/{rel}","templated":true}]}}