{"id":3442,"date":"2025-05-18T19:08:35","date_gmt":"2025-05-18T19:08:35","guid":{"rendered":"https:\/\/baytalnisa.fr\/?post_type=product&#038;p=3442"},"modified":"2026-02-27T21:04:30","modified_gmt":"2026-02-27T20:04:30","slug":"saba-la-noble","status":"publish","type":"product","link":"https:\/\/baytalnisa.fr\/?product=saba-la-noble","title":{"rendered":"Saba &#8211; La Noble"},"content":{"rendered":"","protected":false},"excerpt":{"rendered":"<p>Le bracelet\u00a0<em>Saba &#8211; La Noble<\/em> s\u00e9duit par son design \u00e9pur\u00e9 et ses gravures raffin\u00e9es. Son corps lisse, soulign\u00e9 de motifs discrets, refl\u00e8te la lumi\u00e8re avec subtilit\u00e9.<\/p>\n<p>dot\u00e9 d&rsquo;une ouverture lat\u00e9rale pour un enfilage facile, il \u00e9voque la noblesse des traditions orientales tout en s&rsquo;adaptant parfaitement \u00e0 un style moderne et \u00e9l\u00e9gant.<\/p>\n<p>Plaquage en or 40%.<\/p>\n<p>58 mm de diam\u00e8tre.<\/p>\n","protected":false},"featured_media":3411,"comment_status":"open","ping_status":"closed","template":"","meta":{"om_disable_all_campaigns":false,"_monsterinsights_skip_tracking":false,"_monsterinsights_sitenote_active":false,"_monsterinsights_sitenote_note":"","_monsterinsights_sitenote_category":0,"_glsr_average":0,"_glsr_ranking":0,"_glsr_reviews":0},"product_brand":[],"product_cat":[156,160,162],"product_tag":[168,157,159,167],"class_list":{"0":"post-3442","1":"product","2":"type-product","3":"status-publish","4":"has-post-thumbnail","6":"product_cat-bijoux","7":"product_cat-plaque-or","8":"product_cat-tous-les-bijoux","9":"product_tag-aid","10":"product_tag-bijoux","11":"product_tag-or","12":"product_tag-plaque","14":"first","15":"outofstock","16":"shipping-taxable","17":"purchasable","18":"product-type-simple"},"aioseo_notices":[],"jetpack_sharing_enabled":true,"_links":{"self":[{"href":"https:\/\/baytalnisa.fr\/index.php?rest_route=\/wp\/v2\/product\/3442","targetHints":{"allow":["GET"]}}],"collection":[{"href":"https:\/\/baytalnisa.fr\/index.php?rest_route=\/wp\/v2\/product"}],"about":[{"href":"https:\/\/baytalnisa.fr\/index.php?rest_route=\/wp\/v2\/types\/product"}],"replies":[{"embeddable":true,"href":"https:\/\/baytalnisa.fr\/index.php?rest_route=%2Fwp%2Fv2%2Fcomments&post=3442"}],"version-history":[{"count":1,"href":"https:\/\/baytalnisa.fr\/index.php?rest_route=\/wp\/v2\/product\/3442\/revisions"}],"predecessor-version":[{"id":3443,"href":"https:\/\/baytalnisa.fr\/index.php?rest_route=\/wp\/v2\/product\/3442\/revisions\/3443"}],"wp:featuredmedia":[{"embeddable":true,"href":"https:\/\/baytalnisa.fr\/index.php?rest_route=\/wp\/v2\/media\/3411"}],"wp:attachment":[{"href":"https:\/\/baytalnisa.fr\/index.php?rest_route=%2Fwp%2Fv2%2Fmedia&parent=3442"}],"wp:term":[{"taxonomy":"product_brand","embeddable":true,"href":"https:\/\/baytalnisa.fr\/index.php?rest_route=%2Fwp%2Fv2%2Fproduct_brand&post=3442"},{"taxonomy":"product_cat","embeddable":true,"href":"https:\/\/baytalnisa.fr\/index.php?rest_route=%2Fwp%2Fv2%2Fproduct_cat&post=3442"},{"taxonomy":"product_tag","embeddable":true,"href":"https:\/\/baytalnisa.fr\/index.php?rest_route=%2Fwp%2Fv2%2Fproduct_tag&post=3442"}],"curies":[{"name":"wp","href":"https:\/\/api.w.org\/{rel}","templated":true}]}}