{"id":3444,"date":"2025-05-18T19:22:34","date_gmt":"2025-05-18T19:22:34","guid":{"rendered":"https:\/\/baytalnisa.fr\/?post_type=product&#038;p=3444"},"modified":"2025-05-18T19:24:04","modified_gmt":"2025-05-18T19:24:04","slug":"bracelet-alba","status":"publish","type":"product","link":"https:\/\/baytalnisa.fr\/?product=bracelet-alba","title":{"rendered":"Bracelet Alba"},"content":{"rendered":"","protected":false},"excerpt":{"rendered":"<p>Comme un \u00e9clat d&rsquo;aube sur un ciel cristallin,\u00a0le bracelet\u00a0<em>Alba<\/em> captive le regard avec son strass carr\u00e9 au reflets diamant\u00e9s, pos\u00e9 sur un d\u00e9licat bracelet en plaqu\u00e9 argent.<\/p>\n<p>Une cr\u00e9ation pr\u00e9cieuse et raffin\u00e9e, pens\u00e9e pour celles qui r\u00eavent d&rsquo;\u00e9l\u00e9gance et de lumi\u00e8re subtile.<\/p>\n<p>Portez-la comme une promesse de gr\u00e2ce et de charme intemporel.<\/p>\n<p>Plaquage en argent 100%<\/p>\n<p>Hypoallerg\u00e9nique.<\/p>\n<p>18cm.<\/p>\n","protected":false},"featured_media":3405,"comment_status":"open","ping_status":"closed","template":"","meta":{"om_disable_all_campaigns":false,"_monsterinsights_skip_tracking":false,"_monsterinsights_sitenote_active":false,"_monsterinsights_sitenote_note":"","_monsterinsights_sitenote_category":0,"_glsr_average":0,"_glsr_ranking":0,"_glsr_reviews":0},"product_brand":[],"product_cat":[156,161,162],"product_tag":[],"class_list":{"0":"post-3444","1":"product","2":"type-product","3":"status-publish","4":"has-post-thumbnail","6":"product_cat-bijoux","7":"product_cat-plaque-argent","8":"product_cat-tous-les-bijoux","10":"first","11":"outofstock","12":"shipping-taxable","13":"purchasable","14":"product-type-simple"},"aioseo_notices":[],"jetpack_sharing_enabled":true,"_links":{"self":[{"href":"https:\/\/baytalnisa.fr\/index.php?rest_route=\/wp\/v2\/product\/3444","targetHints":{"allow":["GET"]}}],"collection":[{"href":"https:\/\/baytalnisa.fr\/index.php?rest_route=\/wp\/v2\/product"}],"about":[{"href":"https:\/\/baytalnisa.fr\/index.php?rest_route=\/wp\/v2\/types\/product"}],"replies":[{"embeddable":true,"href":"https:\/\/baytalnisa.fr\/index.php?rest_route=%2Fwp%2Fv2%2Fcomments&post=3444"}],"version-history":[{"count":2,"href":"https:\/\/baytalnisa.fr\/index.php?rest_route=\/wp\/v2\/product\/3444\/revisions"}],"predecessor-version":[{"id":3446,"href":"https:\/\/baytalnisa.fr\/index.php?rest_route=\/wp\/v2\/product\/3444\/revisions\/3446"}],"wp:featuredmedia":[{"embeddable":true,"href":"https:\/\/baytalnisa.fr\/index.php?rest_route=\/wp\/v2\/media\/3405"}],"wp:attachment":[{"href":"https:\/\/baytalnisa.fr\/index.php?rest_route=%2Fwp%2Fv2%2Fmedia&parent=3444"}],"wp:term":[{"taxonomy":"product_brand","embeddable":true,"href":"https:\/\/baytalnisa.fr\/index.php?rest_route=%2Fwp%2Fv2%2Fproduct_brand&post=3444"},{"taxonomy":"product_cat","embeddable":true,"href":"https:\/\/baytalnisa.fr\/index.php?rest_route=%2Fwp%2Fv2%2Fproduct_cat&post=3444"},{"taxonomy":"product_tag","embeddable":true,"href":"https:\/\/baytalnisa.fr\/index.php?rest_route=%2Fwp%2Fv2%2Fproduct_tag&post=3444"}],"curies":[{"name":"wp","href":"https:\/\/api.w.org\/{rel}","templated":true}]}}