{"id":3464,"date":"2025-05-19T04:59:06","date_gmt":"2025-05-19T04:59:06","guid":{"rendered":"https:\/\/baytalnisa.fr\/?post_type=product&#038;p=3464"},"modified":"2026-03-13T12:38:02","modified_gmt":"2026-03-13T11:38:02","slug":"yasmine-la-neroli","status":"publish","type":"product","link":"https:\/\/baytalnisa.fr\/?product=yasmine-la-neroli","title":{"rendered":"Yasmine &#8211; La N\u00e9roli"},"content":{"rendered":"","protected":false},"excerpt":{"rendered":"<p>Comme un souffle de fleur d\u2019oranger au c\u0153ur des nuits orientales, ce bracelet en plaqu\u00e9 or r\u00e9v\u00e8le l\u2019\u00e9l\u00e9gance d\u2019une princesse moderne.<\/p>\n<p>Facile \u00e0 enfiler et l\u00e9g\u00e8rement ajustable, il \u00e9pouse le poignet avec gr\u00e2ce .<\/p>\n<p>Sa gravure raffin\u00e9e \u00e9voque la douceur et la lumi\u00e8re d\u2019un jardin secret, un tr\u00e9sor pr\u00e9cieux pour une femme au charme infini.<\/p>\n<p>Plaqu\u00e9 or 40%.<\/p>\n<p>58 mm.<\/p>\n","protected":false},"featured_media":3465,"comment_status":"open","ping_status":"closed","template":"","meta":{"om_disable_all_campaigns":false,"_monsterinsights_skip_tracking":false,"_monsterinsights_sitenote_active":false,"_monsterinsights_sitenote_note":"","_monsterinsights_sitenote_category":0,"_glsr_average":0,"_glsr_ranking":0,"_glsr_reviews":0},"product_brand":[],"product_cat":[156,160,162],"product_tag":[168,164,159],"class_list":{"0":"post-3464","1":"product","2":"type-product","3":"status-publish","4":"has-post-thumbnail","6":"product_cat-bijoux","7":"product_cat-plaque-or","8":"product_cat-tous-les-bijoux","9":"product_tag-aid","10":"product_tag-gravure","11":"product_tag-or","13":"first","14":"instock","15":"shipping-taxable","16":"purchasable","17":"product-type-simple"},"aioseo_notices":[],"jetpack_sharing_enabled":true,"_links":{"self":[{"href":"https:\/\/baytalnisa.fr\/index.php?rest_route=\/wp\/v2\/product\/3464","targetHints":{"allow":["GET"]}}],"collection":[{"href":"https:\/\/baytalnisa.fr\/index.php?rest_route=\/wp\/v2\/product"}],"about":[{"href":"https:\/\/baytalnisa.fr\/index.php?rest_route=\/wp\/v2\/types\/product"}],"replies":[{"embeddable":true,"href":"https:\/\/baytalnisa.fr\/index.php?rest_route=%2Fwp%2Fv2%2Fcomments&post=3464"}],"version-history":[{"count":1,"href":"https:\/\/baytalnisa.fr\/index.php?rest_route=\/wp\/v2\/product\/3464\/revisions"}],"predecessor-version":[{"id":3466,"href":"https:\/\/baytalnisa.fr\/index.php?rest_route=\/wp\/v2\/product\/3464\/revisions\/3466"}],"wp:featuredmedia":[{"embeddable":true,"href":"https:\/\/baytalnisa.fr\/index.php?rest_route=\/wp\/v2\/media\/3465"}],"wp:attachment":[{"href":"https:\/\/baytalnisa.fr\/index.php?rest_route=%2Fwp%2Fv2%2Fmedia&parent=3464"}],"wp:term":[{"taxonomy":"product_brand","embeddable":true,"href":"https:\/\/baytalnisa.fr\/index.php?rest_route=%2Fwp%2Fv2%2Fproduct_brand&post=3464"},{"taxonomy":"product_cat","embeddable":true,"href":"https:\/\/baytalnisa.fr\/index.php?rest_route=%2Fwp%2Fv2%2Fproduct_cat&post=3464"},{"taxonomy":"product_tag","embeddable":true,"href":"https:\/\/baytalnisa.fr\/index.php?rest_route=%2Fwp%2Fv2%2Fproduct_tag&post=3464"}],"curies":[{"name":"wp","href":"https:\/\/api.w.org\/{rel}","templated":true}]}}