{"id":3487,"date":"2025-06-05T16:22:44","date_gmt":"2025-06-05T16:22:44","guid":{"rendered":"https:\/\/baytalnisa.fr\/?post_type=product&#038;p=3487"},"modified":"2025-06-14T14:09:56","modified_gmt":"2025-06-14T14:09:56","slug":"bracelet-eclats-roses","status":"publish","type":"product","link":"https:\/\/baytalnisa.fr\/?product=bracelet-eclats-roses","title":{"rendered":"Bracelet &#8211; \u00c9clats Roses"},"content":{"rendered":"","protected":false},"excerpt":{"rendered":"<p>Comme une caresse de l\u2019aube sur la peau, ce bracelet en plaqu\u00e9 or se pare de pierres roses aux reflets envo\u00fbtants.<\/p>\n<p>Chaque cristal, taill\u00e9 avec pr\u00e9cision, \u00e9voque une goutte de ros\u00e9e capturant les premi\u00e8res lueurs du matin.<\/p>\n<p>Une parure d\u00e9licate, qui enlace le poignet avec la gr\u00e2ce d\u2019un souffle lumineux.<\/p>\n<p>Plaquage Or 1 micron<\/p>\n<p>16,5 cm<\/p>\n","protected":false},"featured_media":3488,"comment_status":"open","ping_status":"closed","template":"","meta":{"om_disable_all_campaigns":false,"_monsterinsights_skip_tracking":false,"_monsterinsights_sitenote_active":false,"_monsterinsights_sitenote_note":"","_monsterinsights_sitenote_category":0,"_glsr_average":0,"_glsr_ranking":0,"_glsr_reviews":0},"product_brand":[],"product_cat":[156,160,162],"product_tag":[157,159,169],"class_list":{"0":"post-3487","1":"product","2":"type-product","3":"status-publish","4":"has-post-thumbnail","6":"product_cat-bijoux","7":"product_cat-plaque-or","8":"product_cat-tous-les-bijoux","9":"product_tag-bijoux","10":"product_tag-or","11":"product_tag-princesse","13":"first","14":"instock","15":"shipping-taxable","16":"purchasable","17":"product-type-simple"},"aioseo_notices":[],"jetpack_sharing_enabled":true,"_links":{"self":[{"href":"https:\/\/baytalnisa.fr\/index.php?rest_route=\/wp\/v2\/product\/3487","targetHints":{"allow":["GET"]}}],"collection":[{"href":"https:\/\/baytalnisa.fr\/index.php?rest_route=\/wp\/v2\/product"}],"about":[{"href":"https:\/\/baytalnisa.fr\/index.php?rest_route=\/wp\/v2\/types\/product"}],"replies":[{"embeddable":true,"href":"https:\/\/baytalnisa.fr\/index.php?rest_route=%2Fwp%2Fv2%2Fcomments&post=3487"}],"version-history":[{"count":2,"href":"https:\/\/baytalnisa.fr\/index.php?rest_route=\/wp\/v2\/product\/3487\/revisions"}],"predecessor-version":[{"id":3496,"href":"https:\/\/baytalnisa.fr\/index.php?rest_route=\/wp\/v2\/product\/3487\/revisions\/3496"}],"wp:featuredmedia":[{"embeddable":true,"href":"https:\/\/baytalnisa.fr\/index.php?rest_route=\/wp\/v2\/media\/3488"}],"wp:attachment":[{"href":"https:\/\/baytalnisa.fr\/index.php?rest_route=%2Fwp%2Fv2%2Fmedia&parent=3487"}],"wp:term":[{"taxonomy":"product_brand","embeddable":true,"href":"https:\/\/baytalnisa.fr\/index.php?rest_route=%2Fwp%2Fv2%2Fproduct_brand&post=3487"},{"taxonomy":"product_cat","embeddable":true,"href":"https:\/\/baytalnisa.fr\/index.php?rest_route=%2Fwp%2Fv2%2Fproduct_cat&post=3487"},{"taxonomy":"product_tag","embeddable":true,"href":"https:\/\/baytalnisa.fr\/index.php?rest_route=%2Fwp%2Fv2%2Fproduct_tag&post=3487"}],"curies":[{"name":"wp","href":"https:\/\/api.w.org\/{rel}","templated":true}]}}