{"id":3492,"date":"2025-06-11T13:36:25","date_gmt":"2025-06-11T13:36:25","guid":{"rendered":"https:\/\/baytalnisa.fr\/?post_type=product&#038;p=3492"},"modified":"2025-10-02T15:29:41","modified_gmt":"2025-10-02T15:29:41","slug":"ensemble-princesse-saba","status":"publish","type":"product","link":"https:\/\/baytalnisa.fr\/?product=ensemble-princesse-saba","title":{"rendered":"Ensemble &#8211; Princesse Saba"},"content":{"rendered":"","protected":false},"excerpt":{"rendered":"<p>Bayt al Nisa&rsquo; te propose un assortiment de 4 bracelets inspir\u00e9 du Moyen-Orient \ud83d\udc51<\/p>\n<p>Cette composition dor\u00e9e \u00e9voque les tr\u00e9sors cach\u00e9s d\u2019un palais lointain, les soieries pr\u00e9cieuses et les nuits \u00e9toil\u00e9es baign\u00e9es de myst\u00e8re\u2728\ufe0f<\/p>\n<p>Chaque bracelet est orn\u00e9 de motifs d\u00e9licats, comme trac\u00e9s par le vent sur les dunes\ud83c\udf38<\/p>\n<p>Taille : 58mm<\/p>\n<p>Plaqu\u00e9 or 40%<\/p>\n","protected":false},"featured_media":3494,"comment_status":"open","ping_status":"closed","template":"","meta":{"om_disable_all_campaigns":false,"_monsterinsights_skip_tracking":false,"_monsterinsights_sitenote_active":false,"_monsterinsights_sitenote_note":"","_monsterinsights_sitenote_category":0,"_glsr_average":0,"_glsr_ranking":0,"_glsr_reviews":0},"product_brand":[],"product_cat":[156,160,162],"product_tag":[170,159,173,174,171,172],"class_list":{"0":"post-3492","1":"product","2":"type-product","3":"status-publish","4":"has-post-thumbnail","6":"product_cat-bijoux","7":"product_cat-plaque-or","8":"product_cat-tous-les-bijoux","9":"product_tag-bracelet","10":"product_tag-or","11":"product_tag-orient","12":"product_tag-orientale","13":"product_tag-rigide","14":"product_tag-saba","16":"first","17":"outofstock","18":"sale","19":"shipping-taxable","20":"purchasable","21":"product-type-simple"},"aioseo_notices":[],"jetpack_sharing_enabled":true,"_links":{"self":[{"href":"https:\/\/baytalnisa.fr\/index.php?rest_route=\/wp\/v2\/product\/3492","targetHints":{"allow":["GET"]}}],"collection":[{"href":"https:\/\/baytalnisa.fr\/index.php?rest_route=\/wp\/v2\/product"}],"about":[{"href":"https:\/\/baytalnisa.fr\/index.php?rest_route=\/wp\/v2\/types\/product"}],"replies":[{"embeddable":true,"href":"https:\/\/baytalnisa.fr\/index.php?rest_route=%2Fwp%2Fv2%2Fcomments&post=3492"}],"version-history":[{"count":1,"href":"https:\/\/baytalnisa.fr\/index.php?rest_route=\/wp\/v2\/product\/3492\/revisions"}],"predecessor-version":[{"id":3495,"href":"https:\/\/baytalnisa.fr\/index.php?rest_route=\/wp\/v2\/product\/3492\/revisions\/3495"}],"wp:featuredmedia":[{"embeddable":true,"href":"https:\/\/baytalnisa.fr\/index.php?rest_route=\/wp\/v2\/media\/3494"}],"wp:attachment":[{"href":"https:\/\/baytalnisa.fr\/index.php?rest_route=%2Fwp%2Fv2%2Fmedia&parent=3492"}],"wp:term":[{"taxonomy":"product_brand","embeddable":true,"href":"https:\/\/baytalnisa.fr\/index.php?rest_route=%2Fwp%2Fv2%2Fproduct_brand&post=3492"},{"taxonomy":"product_cat","embeddable":true,"href":"https:\/\/baytalnisa.fr\/index.php?rest_route=%2Fwp%2Fv2%2Fproduct_cat&post=3492"},{"taxonomy":"product_tag","embeddable":true,"href":"https:\/\/baytalnisa.fr\/index.php?rest_route=%2Fwp%2Fv2%2Fproduct_tag&post=3492"}],"curies":[{"name":"wp","href":"https:\/\/api.w.org\/{rel}","templated":true}]}}