{"id":3519,"date":"2025-06-20T14:51:51","date_gmt":"2025-06-20T14:51:51","guid":{"rendered":"https:\/\/baytalnisa.fr\/?post_type=product&#038;p=3519"},"modified":"2025-08-28T03:32:07","modified_gmt":"2025-08-28T03:32:07","slug":"zahra","status":"publish","type":"product","link":"https:\/\/baytalnisa.fr\/?product=zahra","title":{"rendered":"Zahra"},"content":{"rendered":"","protected":false},"excerpt":{"rendered":"<p>Comme un lever de soleil sur une ros\u00e9e dor\u00e9e, Zahra capte la lumi\u00e8re avec une d\u00e9licatesse radieuse. Son c\u0153ur rose-lilas scintille au centre d\u2019un \u00e9clat solaire, tel un bijou cueilli \u00e0 l\u2019aube d\u2019un r\u00eave.<\/p>\n<p>Avec ces p\u00e9tales nacr\u00e9es, ces boucles incarnent l\u2019\u00e9veil, la douceur et la f\u00e9minit\u00e9 solaire. Zahra est une ode \u00e0 la lumi\u00e8re int\u00e9rieure.<\/p>\n<p>Hypoallergenique<\/p>\n<p>Plaqu\u00e9 or 30%<\/p>\n","protected":false},"featured_media":3517,"comment_status":"open","ping_status":"closed","template":"","meta":{"om_disable_all_campaigns":false,"_monsterinsights_skip_tracking":false,"_monsterinsights_sitenote_active":false,"_monsterinsights_sitenote_note":"","_monsterinsights_sitenote_category":0,"_glsr_average":0,"_glsr_ranking":0,"_glsr_reviews":0},"product_brand":[],"product_cat":[156,160,162],"product_tag":[176,177,179,180],"class_list":{"0":"post-3519","1":"product","2":"type-product","3":"status-publish","4":"has-post-thumbnail","6":"product_cat-bijoux","7":"product_cat-plaque-or","8":"product_cat-tous-les-bijoux","9":"product_tag-boucle","10":"product_tag-oreille","11":"product_tag-piercing","12":"product_tag-soleil","14":"first","15":"outofstock","16":"shipping-taxable","17":"purchasable","18":"product-type-simple"},"aioseo_notices":[],"jetpack_sharing_enabled":true,"_links":{"self":[{"href":"https:\/\/baytalnisa.fr\/index.php?rest_route=\/wp\/v2\/product\/3519","targetHints":{"allow":["GET"]}}],"collection":[{"href":"https:\/\/baytalnisa.fr\/index.php?rest_route=\/wp\/v2\/product"}],"about":[{"href":"https:\/\/baytalnisa.fr\/index.php?rest_route=\/wp\/v2\/types\/product"}],"replies":[{"embeddable":true,"href":"https:\/\/baytalnisa.fr\/index.php?rest_route=%2Fwp%2Fv2%2Fcomments&post=3519"}],"version-history":[{"count":3,"href":"https:\/\/baytalnisa.fr\/index.php?rest_route=\/wp\/v2\/product\/3519\/revisions"}],"predecessor-version":[{"id":3812,"href":"https:\/\/baytalnisa.fr\/index.php?rest_route=\/wp\/v2\/product\/3519\/revisions\/3812"}],"wp:featuredmedia":[{"embeddable":true,"href":"https:\/\/baytalnisa.fr\/index.php?rest_route=\/wp\/v2\/media\/3517"}],"wp:attachment":[{"href":"https:\/\/baytalnisa.fr\/index.php?rest_route=%2Fwp%2Fv2%2Fmedia&parent=3519"}],"wp:term":[{"taxonomy":"product_brand","embeddable":true,"href":"https:\/\/baytalnisa.fr\/index.php?rest_route=%2Fwp%2Fv2%2Fproduct_brand&post=3519"},{"taxonomy":"product_cat","embeddable":true,"href":"https:\/\/baytalnisa.fr\/index.php?rest_route=%2Fwp%2Fv2%2Fproduct_cat&post=3519"},{"taxonomy":"product_tag","embeddable":true,"href":"https:\/\/baytalnisa.fr\/index.php?rest_route=%2Fwp%2Fv2%2Fproduct_tag&post=3519"}],"curies":[{"name":"wp","href":"https:\/\/api.w.org\/{rel}","templated":true}]}}