{"id":4085,"date":"2026-02-26T15:13:34","date_gmt":"2026-02-26T14:13:34","guid":{"rendered":"https:\/\/baytalnisa.fr\/?post_type=product&#038;p=4085"},"modified":"2026-05-01T16:05:04","modified_gmt":"2026-05-01T15:05:04","slug":"chouchou-en-soie-%d8%b3-sin","status":"publish","type":"product","link":"https:\/\/baytalnisa.fr\/?product=chouchou-en-soie-%d8%b3-sin","title":{"rendered":"Chouchou en SOIE \u0633 | S\u012bn"},"content":{"rendered":"","protected":false},"excerpt":{"rendered":"<p><strong>\u2728S\u012bn, la douceur de la soie dans un geste simple et essentiel.<\/strong><\/p>\n<p>&nbsp;<\/p>\n<p><strong>Mod\u00e8le S\u012bn &#8211; \u00a0\ufeb1<\/strong><br \/>\nUn chouchou en soie de m\u00fbrier pens\u00e9 pour attacher les cheveux avec douceur, sans les marquer ni les fragiliser.<br \/>\nDiscret, l\u00e9ger et essentiel, il prot\u00e8ge les cheveux sans les comprimer gr\u00e2ce \u00e0 sa <strong>largeur de 3,5 cm.<\/strong><\/p>\n<p>&nbsp;<\/p>\n<p><strong>L&rsquo;excellence de la soie de m\u00fbrier<\/strong><br \/>\nConfectionn\u00e9 en\u00a0<strong>100 % soie de m\u00fbrier, 19 momme, grade 6A, <\/strong>certifi\u00e9e <strong>OEKO -TEX<\/strong><em>\u00ae,<\/em> le chouchou S\u012bn garantit une qualit\u00e9 sup\u00e9rieure.<br \/>\nIl limite les frottements, pr\u00e9serve l&rsquo;hydratation naturelle et respecte la fibre capillaire, m\u00eame la plus fragile.<\/p>\n<p>&nbsp;<\/p>\n<p><strong>Un maintien doux, sans compromis<\/strong><br \/>\nSa largeur \u00e9tudi\u00e9e permet de maintenir les cheveux en place sans tirer, sans casser, ni laisser de marques.<br \/>\nParfait pour les attaches du quotidien, de jour comme de nuit.<\/p>\n<p>&nbsp;<\/p>\n<p><strong>Un geste de soin, avant tout<\/strong><br \/>\nLa soie glisse sur les cheveux, r\u00e9duit les frisottis, pr\u00e9vient la casse et prot\u00e8ge les longueurs avec d\u00e9licatesse.<\/p>\n<p>&nbsp;<\/p>\n<p><strong>Un \u00e9crin raffin\u00e9<\/strong><br \/>\nChaque chouchou S\u012bn est livr\u00e9 dans un\u00a0<strong>\u00e9crin \u00e9l\u00e9gant<\/strong>, orn\u00e9 du logo\u00a0<strong>Bayt al Nisa,<\/strong> pour le prot\u00e9ger et offrir une pr\u00e9sentation soign\u00e9e \u00e0 chaque ouverture.<\/p>\n<p>&nbsp;<\/p>\n<p><strong>Un alli\u00e9 contre :\u00a0<\/strong><br \/>\n&#8211; La casse li\u00e9e aux \u00e9lastiques classiques<br \/>\n&#8211; Les frottements agressifs<br \/>\n&#8211; Les marques et tensions<br \/>\n&#8211; Les frisottis et n\u0153uds<\/p>\n<p>&nbsp;<\/p>\n<p><strong>Un accessoire universel et s\u00fbr<\/strong><br \/>\nConvient \u00e0 toutes les natures de cheveux.<br \/>\nLe chouchou en soie S\u012bn allie \u00e9l\u00e9gance, protection et excellence pour un soin quotidien en toute confiance.<\/p>\n","protected":false},"featured_media":4075,"comment_status":"open","ping_status":"closed","template":"","meta":{"om_disable_all_campaigns":false,"_monsterinsights_skip_tracking":false,"_monsterinsights_sitenote_active":false,"_monsterinsights_sitenote_note":"","_monsterinsights_sitenote_category":0,"_glsr_average":0,"_glsr_ranking":0,"_glsr_reviews":0},"product_brand":[],"product_cat":[29,32],"product_tag":[],"class_list":{"0":"post-4085","1":"product","2":"type-product","3":"status-publish","4":"has-post-thumbnail","6":"product_cat-bonnet","7":"product_cat-bonnet-a-nouer","9":"first","10":"instock","11":"shipping-taxable","12":"purchasable","13":"product-type-variable"},"aioseo_notices":[],"jetpack_sharing_enabled":true,"_links":{"self":[{"href":"https:\/\/baytalnisa.fr\/index.php?rest_route=\/wp\/v2\/product\/4085","targetHints":{"allow":["GET"]}}],"collection":[{"href":"https:\/\/baytalnisa.fr\/index.php?rest_route=\/wp\/v2\/product"}],"about":[{"href":"https:\/\/baytalnisa.fr\/index.php?rest_route=\/wp\/v2\/types\/product"}],"replies":[{"embeddable":true,"href":"https:\/\/baytalnisa.fr\/index.php?rest_route=%2Fwp%2Fv2%2Fcomments&post=4085"}],"version-history":[{"count":4,"href":"https:\/\/baytalnisa.fr\/index.php?rest_route=\/wp\/v2\/product\/4085\/revisions"}],"predecessor-version":[{"id":4184,"href":"https:\/\/baytalnisa.fr\/index.php?rest_route=\/wp\/v2\/product\/4085\/revisions\/4184"}],"wp:featuredmedia":[{"embeddable":true,"href":"https:\/\/baytalnisa.fr\/index.php?rest_route=\/wp\/v2\/media\/4075"}],"wp:attachment":[{"href":"https:\/\/baytalnisa.fr\/index.php?rest_route=%2Fwp%2Fv2%2Fmedia&parent=4085"}],"wp:term":[{"taxonomy":"product_brand","embeddable":true,"href":"https:\/\/baytalnisa.fr\/index.php?rest_route=%2Fwp%2Fv2%2Fproduct_brand&post=4085"},{"taxonomy":"product_cat","embeddable":true,"href":"https:\/\/baytalnisa.fr\/index.php?rest_route=%2Fwp%2Fv2%2Fproduct_cat&post=4085"},{"taxonomy":"product_tag","embeddable":true,"href":"https:\/\/baytalnisa.fr\/index.php?rest_route=%2Fwp%2Fv2%2Fproduct_tag&post=4085"}],"curies":[{"name":"wp","href":"https:\/\/api.w.org\/{rel}","templated":true}]}}