{"id":4100,"date":"2026-02-26T15:13:27","date_gmt":"2026-02-26T14:13:27","guid":{"rendered":"https:\/\/baytalnisa.fr\/?post_type=product&#038;p=4100"},"modified":"2026-04-10T21:31:10","modified_gmt":"2026-04-10T20:31:10","slug":"bonnet-soie-%d8%b3%d9%88%d9%86-swanne","status":"publish","type":"product","link":"https:\/\/baytalnisa.fr\/?product=bonnet-soie-%d8%b3%d9%88%d9%86-swanne","title":{"rendered":"Bonnet SOIE \u0633\u0648\u0646 | Swanne"},"content":{"rendered":"","protected":false},"excerpt":{"rendered":"<p>\u2728 L\u2019Excellence de la soie de murier au service de vos cheveux.<\/p>\n<p>&nbsp;<\/p>\n<p><strong>Mod\u00e8le Swanne \u2013 \u0633\u0648\u0646 &#8211; Confort et ajustement parfait.<\/strong><\/p>\n<p>Bonnet \u00e0 enfiler, dot\u00e9 d\u2019une partie arri\u00e8re \u00e9lastique et de deux bandes r\u00e9glables, il garantit un maintien s\u00fbr et ajust\u00e9 tout au long de la journ\u00e9e.<\/p>\n<p>&nbsp;<\/p>\n<p><strong>Un \u00e9crin de soin en pure soie de m\u00fbrier<\/strong>.<\/p>\n<p>Doublure 100\u202f% soie de m\u00fbrier, 19\u202fmomme, grade 5A, qui caresse la fibre capillaire, pr\u00e9serve l\u2019hydratation naturelle, limite la casse et dompte les frisottis.<\/p>\n<p>&nbsp;<\/p>\n<p><strong>Un ext\u00e9rieur raffin\u00e9.<\/strong><\/p>\n<p>Jersey de bambou doux et respirant, pour allier confort naturel, et maintien parfait sans glisser.<\/p>\n<p>&nbsp;<\/p>\n<p><strong>Bien plus qu\u2019un simple bonnet.<\/strong><\/p>\n<p>La soie accompagne vos cheveux au quotidien, en respectant leur nature et en leur offrant protection, douceur et soin.<\/p>\n<p>&nbsp;<\/p>\n<p><strong>Un bouclier invisible contre :<\/strong><\/p>\n<p>\u2013 La casse et la chute<\/p>\n<p>\u2013 Les frottements responsables d\u2019alop\u00e9cie<\/p>\n<p>\u2013 Les irritations du cuir chevelu<\/p>\n<p>\u2013 Les frisottis et n\u0153uds ind\u00e9sirables<\/p>\n<p>&nbsp;<\/p>\n<p><strong>Un soin universelle<\/strong>.<\/p>\n<p>Quelle que soit la nature de vos cheveux, le bonnet Swanne sublime et prot\u00e8ge de la racine au pointe au quotidien.<\/p>\n<p>Tu ne sais pas quel model choisir ? Notre diagnostque en 2 minutes est l\u00e0 pour t\u2019aider <a href=\"https:\/\/baytalnisa.fr\/?qsm_quiz=quel-sous-hijab-est-fait-pour-toi\" target=\"_blank\" rel=\"noopener\">\ud83d\udc49 Diagnostic en 2 minutes<\/a><\/p>\n","protected":false},"featured_media":4093,"comment_status":"open","ping_status":"closed","template":"","meta":{"om_disable_all_campaigns":false,"_monsterinsights_skip_tracking":false,"_monsterinsights_sitenote_active":false,"_monsterinsights_sitenote_note":"","_monsterinsights_sitenote_category":0,"_glsr_average":0,"_glsr_ranking":0,"_glsr_reviews":0},"product_brand":[],"product_cat":[29,30],"product_tag":[],"class_list":{"0":"post-4100","1":"product","2":"type-product","3":"status-publish","4":"has-post-thumbnail","6":"product_cat-bonnet","7":"product_cat-bonnet-reglable","9":"first","10":"instock","11":"shipping-taxable","12":"purchasable","13":"product-type-variable"},"aioseo_notices":[],"jetpack_sharing_enabled":true,"_links":{"self":[{"href":"https:\/\/baytalnisa.fr\/index.php?rest_route=\/wp\/v2\/product\/4100","targetHints":{"allow":["GET"]}}],"collection":[{"href":"https:\/\/baytalnisa.fr\/index.php?rest_route=\/wp\/v2\/product"}],"about":[{"href":"https:\/\/baytalnisa.fr\/index.php?rest_route=\/wp\/v2\/types\/product"}],"replies":[{"embeddable":true,"href":"https:\/\/baytalnisa.fr\/index.php?rest_route=%2Fwp%2Fv2%2Fcomments&post=4100"}],"version-history":[{"count":9,"href":"https:\/\/baytalnisa.fr\/index.php?rest_route=\/wp\/v2\/product\/4100\/revisions"}],"predecessor-version":[{"id":4133,"href":"https:\/\/baytalnisa.fr\/index.php?rest_route=\/wp\/v2\/product\/4100\/revisions\/4133"}],"wp:featuredmedia":[{"embeddable":true,"href":"https:\/\/baytalnisa.fr\/index.php?rest_route=\/wp\/v2\/media\/4093"}],"wp:attachment":[{"href":"https:\/\/baytalnisa.fr\/index.php?rest_route=%2Fwp%2Fv2%2Fmedia&parent=4100"}],"wp:term":[{"taxonomy":"product_brand","embeddable":true,"href":"https:\/\/baytalnisa.fr\/index.php?rest_route=%2Fwp%2Fv2%2Fproduct_brand&post=4100"},{"taxonomy":"product_cat","embeddable":true,"href":"https:\/\/baytalnisa.fr\/index.php?rest_route=%2Fwp%2Fv2%2Fproduct_cat&post=4100"},{"taxonomy":"product_tag","embeddable":true,"href":"https:\/\/baytalnisa.fr\/index.php?rest_route=%2Fwp%2Fv2%2Fproduct_tag&post=4100"}],"curies":[{"name":"wp","href":"https:\/\/api.w.org\/{rel}","templated":true}]}}